{"id":149,"date":"2025-01-03T13:39:48","date_gmt":"2025-01-03T13:39:48","guid":{"rendered":"https:\/\/shop.malcaminos.com\/?post_type=product&#038;p=149"},"modified":"2025-11-06T15:15:07","modified_gmt":"2025-11-06T15:15:07","slug":"ruta-4x4","status":"publish","type":"product","link":"https:\/\/shop.malcaminos.com\/fr\/produit\/ruta-4x4\/","title":{"rendered":"TABERNAS 4X4, L'ELFE DU D\u00c9SERT"},"content":{"rendered":"<p>[et_pb_section fb_built=\u00bb1&#8243; _builder_version=\u00bb4.16&#8243; custom_padding=\u00bb0px||||false|false\u00bb global_colors_info=\u00bb{}\u00bb][et_pb_row _builder_version=\u00bb4.16&#8243; background_size=\u00bbinitial\u00bb background_position=\u00bbtop_left\u00bb background_repeat=\u00bbrepeat\u00bb width=\u00bb100%\u00bb custom_padding=\u00bb0px||0px||false|false\u00bb global_colors_info=\u00bb{}\u00bb][et_pb_column type=\u00bb4_4&#8243; _builder_version=\u00bb4.16&#8243; custom_padding=\u00bb|||\u00bb global_colors_info=\u00bb{}\u00bb custom_padding__hover=\u00bb|||\u00bb][et_pb_wc_breadcrumb _builder_version=\u00bb4.27.4&#8243; global_colors_info=\u00bb{}\u00bb][\/et_pb_wc_breadcrumb][et_pb_wc_cart_notice _builder_version=\u00bb4.27.4&#8243; background_color=\u00bb#E09900&#8243; custom_button=\u00bbon\u00bb button_text_size=\u00bb16px\u00bb button_text_color=\u00bb#000000&#8243; global_colors_info=\u00bb{}\u00bb][\/et_pb_wc_cart_notice][\/et_pb_column][\/et_pb_row][et_pb_row column_structure=\u00bb1_2,1_2&#8243; _builder_version=\u00bb4.16&#8243; background_size=\u00bbinitial\u00bb background_position=\u00bbtop_left\u00bb background_repeat=\u00bbrepeat\u00bb width=\u00bb100%\u00bb custom_padding=\u00bb0px||||false|false\u00bb global_colors_info=\u00bb{}\u00bb][et_pb_column type=\u00bb1_2&#8243; _builder_version=\u00bb4.16&#8243; custom_padding=\u00bb|||\u00bb global_colors_info=\u00bb{}\u00bb custom_padding__hover=\u00bb|||\u00bb][et_pb_wc_images _builder_version=\u00bb4.16&#8243; global_colors_info=\u00bb{}\u00bb][\/et_pb_wc_images][\/et_pb_column][et_pb_column type=\u00bb1_2&#8243; _builder_version=\u00bb4.16&#8243; custom_padding=\u00bb|||\u00bb global_colors_info=\u00bb{}\u00bb custom_padding__hover=\u00bb|||\u00bb][et_pb_wc_price _builder_version=\u00bb4.27.4&#8243; body_font=\u00bb|700|||||||\u00bb body_text_color=\u00bb#3b322d\u00bb body_font_size=\u00bb25px\u00bb global_colors_info=\u00bb{}\u00bb][\/et_pb_wc_price][et_pb_wc_description _builder_version=\u00bb4.27.4&#8243; global_colors_info=\u00bb{}\u00bb][\/et_pb_wc_description][et_pb_wc_add_to_cart show_stock=\u00bboff\u00bb field_label_position=\u00bbinline\u00bb _builder_version=\u00bb4.27.4&#8243; fields_background_color=\u00bb#3b322d\u00bb fields_text_color=\u00bb#FFFFFF\u00bb fields_focus_text_color=\u00bb#FFFFFF\u00bb dropdown_menus_background_color=\u00bb#E09900&#8243; dropdown_menus_custom_margin=\u00bb10px||||false|false\u00bb field_label_font=\u00bb|700||on|||||\u00bb field_label_text_color=\u00bb#3b322d\u00bb dropdown_menus_font=\u00bb|300|||||||\u00bb dropdown_menus_font_size=\u00bb16px\u00bb custom_button=\u00bbon\u00bb button_text_size=\u00bb16px\u00bb button_text_color=\u00bb#3b322d\u00bb button_bg_color=\u00bb#E09900&#8243; button_border_width=\u00bb0px\u00bb button_border_radius=\u00bb0px\u00bb button_custom_padding=\u00bb15px||15px||true|false\u00bb border_radii_fields=\u00bbon|0px|0px|0px|0px\u00bb global_colors_info=\u00bb{}\u00bb][\/et_pb_wc_add_to_cart][et_pb_wc_meta _builder_version=\u00bb4.16&#8243; global_colors_info=\u00bb{}\u00bb][\/et_pb_wc_meta][\/et_pb_column][\/et_pb_row][et_pb_row _builder_version=\u00bb4.16&#8243; background_size=\u00bbinitial\u00bb background_position=\u00bbtop_left\u00bb background_repeat=\u00bbrepeat\u00bb width=\u00bb100%\u00bb global_colors_info=\u00bb{}\u00bb][et_pb_column type=\u00bb4_4&#8243; _builder_version=\u00bb4.16&#8243; custom_padding=\u00bb|||\u00bb global_colors_info=\u00bb{}\u00bb custom_padding__hover=\u00bb|||\u00bb][et_pb_wc_tabs _builder_version=\u00bb4.27.4&#8243; body_font=\u00bb|300|||||||\u00bb body_font_size=\u00bb16px\u00bb global_colors_info=\u00bb{}\u00bb] [\/et_pb_wc_tabs][et_pb_wc_upsells _builder_version=\u00bb4.16&#8243; global_colors_info=\u00bb{}\u00bb][\/et_pb_wc_upsells][\/et_pb_column][\/et_pb_row][\/et_pb_section]<\/p>\n","protected":false},"excerpt":{"rendered":"<p>Le d\u00e9sert de Tabernas est un paysage authentique, \u00e9tonnant et \u00e9mouvant. Sa g\u00e9ologie, sa nature, son histoire et son lien avec le secteur audiovisuel nous entra\u00eenent dans un voyage passionnant.<\/p>\n<p>Sans quitter Tabernas, vous d\u00e9couvrirez des paysages aux allures de pays aussi lointains que la Jordanie, le Nouveau-Mexique, la Californie, l'Australie, l'\u00c9gypte ou l'Afrique. Tous sont le d\u00e9cor de nombreuses productions audiovisuelles, courts m\u00e9trages, clips vid\u00e9o, publicit\u00e9s et documentaires.<br \/>\nLa route du Malcamino vous emm\u00e8ne \u00e0 travers ces lieux l\u00e9gendaires, guid\u00e9 par des guides locaux qui connaissent bien leur territoire. Avec eux, vous d\u00e9couvrirez le d\u00e9sert de Tabernas, consid\u00e9r\u00e9 comme le seul d\u00e9sert d'Europe.<br \/>\nUne fois l'itin\u00e9raire confirm\u00e9, le destinataire du billet cadeau peut contacter directement Malcaminos pour convenir d'une date et d'une heure.<\/p>","protected":false},"featured_media":146,"comment_status":"open","ping_status":"closed","template":"","meta":{"_et_pb_use_builder":"on","_et_pb_old_content":"","_et_gb_content_width":""},"product_brand":[],"product_cat":[19],"product_tag":[],"class_list":{"0":"post-149","1":"product","2":"type-product","3":"status-publish","4":"has-post-thumbnail","6":"product_cat-tickets-regalo","8":"first","9":"instock","10":"shipping-taxable","11":"purchasable","12":"product-type-variable"},"_links":{"self":[{"href":"https:\/\/shop.malcaminos.com\/fr\/wp-json\/wp\/v2\/product\/149","targetHints":{"allow":["GET"]}}],"collection":[{"href":"https:\/\/shop.malcaminos.com\/fr\/wp-json\/wp\/v2\/product"}],"about":[{"href":"https:\/\/shop.malcaminos.com\/fr\/wp-json\/wp\/v2\/types\/product"}],"replies":[{"embeddable":true,"href":"https:\/\/shop.malcaminos.com\/fr\/wp-json\/wp\/v2\/comments?post=149"}],"wp:featuredmedia":[{"embeddable":true,"href":"https:\/\/shop.malcaminos.com\/fr\/wp-json\/wp\/v2\/media\/146"}],"wp:attachment":[{"href":"https:\/\/shop.malcaminos.com\/fr\/wp-json\/wp\/v2\/media?parent=149"}],"wp:term":[{"taxonomy":"product_brand","embeddable":true,"href":"https:\/\/shop.malcaminos.com\/fr\/wp-json\/wp\/v2\/product_brand?post=149"},{"taxonomy":"product_cat","embeddable":true,"href":"https:\/\/shop.malcaminos.com\/fr\/wp-json\/wp\/v2\/product_cat?post=149"},{"taxonomy":"product_tag","embeddable":true,"href":"https:\/\/shop.malcaminos.com\/fr\/wp-json\/wp\/v2\/product_tag?post=149"}],"curies":[{"name":"wp","href":"https:\/\/api.w.org\/{rel}","templated":true}]}}